{"id":2884,"date":"2020-03-23T16:05:55","date_gmt":"2020-03-23T16:05:55","guid":{"rendered":"http:\/\/www.florsilva.it\/prodotto\/diospyros-lotus-2\/"},"modified":"2020-03-23T16:05:55","modified_gmt":"2020-03-23T16:05:55","slug":"diospyros-lotus-2","status":"publish","type":"product","link":"https:\/\/www.florsilva.it\/en\/prodotto\/diospyros-lotus-2\/","title":{"rendered":"Diospyros lotus"},"content":{"rendered":"<p>Principale portainnesto del Kaki in Italia, \u00e8 pi\u00f9 resistente al freddo rispetto al franco ed \u00e8 caratterizzato da notevole uniformit\u00e0 dei semenzali. Presenta ottima affinit\u00e0 con le cultivar astringenti ed induce una precoce entrata in produzione.<\/p>\n","protected":false},"excerpt":{"rendered":"<p>Loto d&#8217;Italia<\/p>\n","protected":false},"featured_media":2882,"template":"","meta":[],"product_brand":[],"product_cat":[226],"product_tag":[],"class_list":{"0":"post-2884","1":"product","2":"type-product","3":"status-publish","4":"has-post-thumbnail","6":"product_cat-latifoglie","8":"first","9":"instock","10":"taxable","11":"shipping-taxable","12":"product-type-simple"},"yoast_head":"<!-- This site is optimized with the Yoast SEO plugin v27.3 - https:\/\/yoast.com\/product\/yoast-seo-wordpress\/ -->\n<title>Diospyros lotus - Florsilva Ansaloni - dal 1967 veste il tuo verde<\/title>\n<meta name=\"description\" content=\"Scopri il prodotto Diospyros lotus di Florsilva! Florsilva dal 1975 veste il tuo verde. Terrazze, giardini e grandi parchi. Anche servizio noleggio. Contattaci!\" \/>\n<meta name=\"robots\" content=\"index, follow, max-snippet:-1, max-image-preview:large, max-video-preview:-1\" \/>\n<link rel=\"canonical\" href=\"https:\/\/www.florsilva.it\/prodotto\/diospyros-lotus-2\/\" \/>\n<meta property=\"og:locale\" content=\"en_US\" \/>\n<meta property=\"og:type\" content=\"article\" \/>\n<meta property=\"og:title\" content=\"Diospyros lotus - Florsilva Ansaloni - dal 1967 veste il tuo verde\" \/>\n<meta property=\"og:description\" content=\"Scopri il prodotto Diospyros lotus di Florsilva! Florsilva dal 1975 veste il tuo verde. Terrazze, giardini e grandi parchi. Anche servizio noleggio. Contattaci!\" \/>\n<meta property=\"og:url\" content=\"https:\/\/www.florsilva.it\/prodotto\/diospyros-lotus-2\/\" \/>\n<meta property=\"og:site_name\" content=\"Florsilva Ansaloni - dal 1967 veste il tuo verde\" \/>\n<meta property=\"og:image\" content=\"https:\/\/www.florsilva.it\/wp-content\/uploads\/2020\/03\/f3051eb70b962b646ad926757115bce0_XL.jpg\" \/>\n\t<meta property=\"og:image:width\" content=\"680\" \/>\n\t<meta property=\"og:image:height\" content=\"510\" \/>\n\t<meta property=\"og:image:type\" content=\"image\/jpeg\" \/>\n<meta name=\"twitter:card\" content=\"summary_large_image\" \/>\n<script type=\"application\/ld+json\" class=\"yoast-schema-graph\">{\"@context\":\"https:\\\/\\\/schema.org\",\"@graph\":[{\"@type\":\"WebPage\",\"@id\":\"https:\\\/\\\/www.florsilva.it\\\/prodotto\\\/diospyros-lotus-2\\\/\",\"url\":\"https:\\\/\\\/www.florsilva.it\\\/prodotto\\\/diospyros-lotus-2\\\/\",\"name\":\"Diospyros lotus - Florsilva Ansaloni - dal 1967 veste il tuo verde\",\"isPartOf\":{\"@id\":\"https:\\\/\\\/www.florsilva.it\\\/#website\"},\"primaryImageOfPage\":{\"@id\":\"https:\\\/\\\/www.florsilva.it\\\/prodotto\\\/diospyros-lotus-2\\\/#primaryimage\"},\"image\":{\"@id\":\"https:\\\/\\\/www.florsilva.it\\\/prodotto\\\/diospyros-lotus-2\\\/#primaryimage\"},\"thumbnailUrl\":\"https:\\\/\\\/www.florsilva.it\\\/wp-content\\\/uploads\\\/2020\\\/03\\\/f3051eb70b962b646ad926757115bce0_XL.jpg\",\"datePublished\":\"2020-03-23T16:05:55+00:00\",\"description\":\"Scopri il prodotto Diospyros lotus di Florsilva! Florsilva dal 1975 veste il tuo verde. Terrazze, giardini e grandi parchi. Anche servizio noleggio. Contattaci!\",\"breadcrumb\":{\"@id\":\"https:\\\/\\\/www.florsilva.it\\\/prodotto\\\/diospyros-lotus-2\\\/#breadcrumb\"},\"inLanguage\":\"en-US\",\"potentialAction\":[{\"@type\":\"ReadAction\",\"target\":[\"https:\\\/\\\/www.florsilva.it\\\/prodotto\\\/diospyros-lotus-2\\\/\"]}]},{\"@type\":\"ImageObject\",\"inLanguage\":\"en-US\",\"@id\":\"https:\\\/\\\/www.florsilva.it\\\/prodotto\\\/diospyros-lotus-2\\\/#primaryimage\",\"url\":\"https:\\\/\\\/www.florsilva.it\\\/wp-content\\\/uploads\\\/2020\\\/03\\\/f3051eb70b962b646ad926757115bce0_XL.jpg\",\"contentUrl\":\"https:\\\/\\\/www.florsilva.it\\\/wp-content\\\/uploads\\\/2020\\\/03\\\/f3051eb70b962b646ad926757115bce0_XL.jpg\",\"width\":680,\"height\":510},{\"@type\":\"BreadcrumbList\",\"@id\":\"https:\\\/\\\/www.florsilva.it\\\/prodotto\\\/diospyros-lotus-2\\\/#breadcrumb\",\"itemListElement\":[{\"@type\":\"ListItem\",\"position\":1,\"name\":\"Home\",\"item\":\"https:\\\/\\\/www.florsilva.it\\\/en\\\/\"},{\"@type\":\"ListItem\",\"position\":2,\"name\":\"Browse our catalogue\",\"item\":\"https:\\\/\\\/www.florsilva.it\\\/en\\\/shop\\\/\"},{\"@type\":\"ListItem\",\"position\":3,\"name\":\"Diospyros lotus\"}]},{\"@type\":\"WebSite\",\"@id\":\"https:\\\/\\\/www.florsilva.it\\\/#website\",\"url\":\"https:\\\/\\\/www.florsilva.it\\\/\",\"name\":\"Florsilva Ansaloni - dal 1967 veste il tuo verde\",\"description\":\"Florsilva Ansaloni, sementi, piante da vivaio, accessori, giardini, materiale promozionale\",\"publisher\":{\"@id\":\"https:\\\/\\\/www.florsilva.it\\\/#organization\"},\"potentialAction\":[{\"@type\":\"SearchAction\",\"target\":{\"@type\":\"EntryPoint\",\"urlTemplate\":\"https:\\\/\\\/www.florsilva.it\\\/?s={search_term_string}\"},\"query-input\":{\"@type\":\"PropertyValueSpecification\",\"valueRequired\":true,\"valueName\":\"search_term_string\"}}],\"inLanguage\":\"en-US\"},{\"@type\":\"Organization\",\"@id\":\"https:\\\/\\\/www.florsilva.it\\\/#organization\",\"name\":\"Florsilva Ansaloni\",\"url\":\"https:\\\/\\\/www.florsilva.it\\\/\",\"logo\":{\"@type\":\"ImageObject\",\"inLanguage\":\"en-US\",\"@id\":\"https:\\\/\\\/www.florsilva.it\\\/#\\\/schema\\\/logo\\\/image\\\/\",\"url\":\"https:\\\/\\\/www.florsilva.it\\\/wp-content\\\/uploads\\\/2020\\\/06\\\/florsilva-logo-1.png\",\"contentUrl\":\"https:\\\/\\\/www.florsilva.it\\\/wp-content\\\/uploads\\\/2020\\\/06\\\/florsilva-logo-1.png\",\"width\":500,\"height\":97,\"caption\":\"Florsilva Ansaloni\"},\"image\":{\"@id\":\"https:\\\/\\\/www.florsilva.it\\\/#\\\/schema\\\/logo\\\/image\\\/\"}}]}<\/script>\n<!-- \/ Yoast SEO plugin. -->","yoast_head_json":{"title":"Diospyros lotus - Florsilva Ansaloni - dal 1967 veste il tuo verde","description":"Scopri il prodotto Diospyros lotus di Florsilva! Florsilva dal 1975 veste il tuo verde. Terrazze, giardini e grandi parchi. Anche servizio noleggio. Contattaci!","robots":{"index":"index","follow":"follow","max-snippet":"max-snippet:-1","max-image-preview":"max-image-preview:large","max-video-preview":"max-video-preview:-1"},"canonical":"https:\/\/www.florsilva.it\/prodotto\/diospyros-lotus-2\/","og_locale":"en_US","og_type":"article","og_title":"Diospyros lotus - Florsilva Ansaloni - dal 1967 veste il tuo verde","og_description":"Scopri il prodotto Diospyros lotus di Florsilva! Florsilva dal 1975 veste il tuo verde. Terrazze, giardini e grandi parchi. Anche servizio noleggio. Contattaci!","og_url":"https:\/\/www.florsilva.it\/prodotto\/diospyros-lotus-2\/","og_site_name":"Florsilva Ansaloni - dal 1967 veste il tuo verde","og_image":[{"width":680,"height":510,"url":"https:\/\/www.florsilva.it\/wp-content\/uploads\/2020\/03\/f3051eb70b962b646ad926757115bce0_XL.jpg","type":"image\/jpeg"}],"twitter_card":"summary_large_image","schema":{"@context":"https:\/\/schema.org","@graph":[{"@type":"WebPage","@id":"https:\/\/www.florsilva.it\/prodotto\/diospyros-lotus-2\/","url":"https:\/\/www.florsilva.it\/prodotto\/diospyros-lotus-2\/","name":"Diospyros lotus - Florsilva Ansaloni - dal 1967 veste il tuo verde","isPartOf":{"@id":"https:\/\/www.florsilva.it\/#website"},"primaryImageOfPage":{"@id":"https:\/\/www.florsilva.it\/prodotto\/diospyros-lotus-2\/#primaryimage"},"image":{"@id":"https:\/\/www.florsilva.it\/prodotto\/diospyros-lotus-2\/#primaryimage"},"thumbnailUrl":"https:\/\/www.florsilva.it\/wp-content\/uploads\/2020\/03\/f3051eb70b962b646ad926757115bce0_XL.jpg","datePublished":"2020-03-23T16:05:55+00:00","description":"Scopri il prodotto Diospyros lotus di Florsilva! Florsilva dal 1975 veste il tuo verde. Terrazze, giardini e grandi parchi. Anche servizio noleggio. Contattaci!","breadcrumb":{"@id":"https:\/\/www.florsilva.it\/prodotto\/diospyros-lotus-2\/#breadcrumb"},"inLanguage":"en-US","potentialAction":[{"@type":"ReadAction","target":["https:\/\/www.florsilva.it\/prodotto\/diospyros-lotus-2\/"]}]},{"@type":"ImageObject","inLanguage":"en-US","@id":"https:\/\/www.florsilva.it\/prodotto\/diospyros-lotus-2\/#primaryimage","url":"https:\/\/www.florsilva.it\/wp-content\/uploads\/2020\/03\/f3051eb70b962b646ad926757115bce0_XL.jpg","contentUrl":"https:\/\/www.florsilva.it\/wp-content\/uploads\/2020\/03\/f3051eb70b962b646ad926757115bce0_XL.jpg","width":680,"height":510},{"@type":"BreadcrumbList","@id":"https:\/\/www.florsilva.it\/prodotto\/diospyros-lotus-2\/#breadcrumb","itemListElement":[{"@type":"ListItem","position":1,"name":"Home","item":"https:\/\/www.florsilva.it\/en\/"},{"@type":"ListItem","position":2,"name":"Browse our catalogue","item":"https:\/\/www.florsilva.it\/en\/shop\/"},{"@type":"ListItem","position":3,"name":"Diospyros lotus"}]},{"@type":"WebSite","@id":"https:\/\/www.florsilva.it\/#website","url":"https:\/\/www.florsilva.it\/","name":"Florsilva Ansaloni - dal 1967 veste il tuo verde","description":"Florsilva Ansaloni, sementi, piante da vivaio, accessori, giardini, materiale promozionale","publisher":{"@id":"https:\/\/www.florsilva.it\/#organization"},"potentialAction":[{"@type":"SearchAction","target":{"@type":"EntryPoint","urlTemplate":"https:\/\/www.florsilva.it\/?s={search_term_string}"},"query-input":{"@type":"PropertyValueSpecification","valueRequired":true,"valueName":"search_term_string"}}],"inLanguage":"en-US"},{"@type":"Organization","@id":"https:\/\/www.florsilva.it\/#organization","name":"Florsilva Ansaloni","url":"https:\/\/www.florsilva.it\/","logo":{"@type":"ImageObject","inLanguage":"en-US","@id":"https:\/\/www.florsilva.it\/#\/schema\/logo\/image\/","url":"https:\/\/www.florsilva.it\/wp-content\/uploads\/2020\/06\/florsilva-logo-1.png","contentUrl":"https:\/\/www.florsilva.it\/wp-content\/uploads\/2020\/06\/florsilva-logo-1.png","width":500,"height":97,"caption":"Florsilva Ansaloni"},"image":{"@id":"https:\/\/www.florsilva.it\/#\/schema\/logo\/image\/"}}]}},"_links":{"self":[{"href":"https:\/\/www.florsilva.it\/en\/wp-json\/wp\/v2\/product\/2884","targetHints":{"allow":["GET"]}}],"collection":[{"href":"https:\/\/www.florsilva.it\/en\/wp-json\/wp\/v2\/product"}],"about":[{"href":"https:\/\/www.florsilva.it\/en\/wp-json\/wp\/v2\/types\/product"}],"wp:featuredmedia":[{"embeddable":true,"href":"https:\/\/www.florsilva.it\/en\/wp-json\/wp\/v2\/media\/2882"}],"wp:attachment":[{"href":"https:\/\/www.florsilva.it\/en\/wp-json\/wp\/v2\/media?parent=2884"}],"wp:term":[{"taxonomy":"product_brand","embeddable":true,"href":"https:\/\/www.florsilva.it\/en\/wp-json\/wp\/v2\/product_brand?post=2884"},{"taxonomy":"product_cat","embeddable":true,"href":"https:\/\/www.florsilva.it\/en\/wp-json\/wp\/v2\/product_cat?post=2884"},{"taxonomy":"product_tag","embeddable":true,"href":"https:\/\/www.florsilva.it\/en\/wp-json\/wp\/v2\/product_tag?post=2884"}],"curies":[{"name":"wp","href":"https:\/\/api.w.org\/{rel}","templated":true}]}}